{"id":1219,"date":"2022-05-18T17:58:32","date_gmt":"2022-05-18T15:58:32","guid":{"rendered":"https:\/\/test8.cart.sk\/?post_type=product&#038;p=1219"},"modified":"2022-05-18T18:43:32","modified_gmt":"2022-05-18T16:43:32","slug":"podlaha-hneda-protismykova-preglejka-9mm","status":"publish","type":"product","link":"https:\/\/test8.cart.sk\/?product=podlaha-hneda-protismykova-preglejka-9mm","title":{"rendered":"Podlaha \u2013 hned\u00e1 proti\u0161mykov\u00e1 preglejka 9mm"},"content":{"rendered":"<p>Materi\u00e1l: vodeodoln\u00e1 preglejka s proti\u0161mykovou hnedou f\u00f3liou na vrchnej strane o hr\u00fabke 9mm<\/p>\n<p>Popis vozidla: 1x prav\u00e9 pos\u00favne dvere, 2x (prav\u00e9 + \u013eav\u00e9) pos\u00favne dvere, 2 miestn\u00e1 verzia,<\/p>\n<p>Kompatibilita : Dacia Dokker, Renault Express Van<\/p>\n<p>Parametre podlahy: 1 dielna spojen\u00e1, d\u013e\u017eka 1810mm, \u0161\u00edrka 1157mm<\/p>\n<p>Samomont\u00e1\u017e: podlaha dr\u017e\u00ed pomocou kotviac\u00edch ok v aute a misiek, ktore su s\u00fa\u010das\u0165ou podlahy, sk\u00f4r kv\u00f4li vybr\u00e1ciam odpor\u00fa\u010dame podlahu podlepi\u0165 lepidlom napr. Den Braven MAMUT GLUE, tmelenie okrajov pod\u013ea potreby neutr\u00e1ln\u00fdm OXIM tmelom, napr. Den Barven OXIM (mo\u017en\u00e9 u n\u00e1s zak\u00fapi\u0165)<\/p>\n","protected":false},"excerpt":{"rendered":"<p>Materi\u00e1l: vodeodoln\u00e1 preglejka s proti\u0161mykovou hnedou f\u00f3liou na vrchnej strane o hr\u00fabke 9mm Popis vozidla: 1x prav\u00e9 pos\u00favne dvere, 2x (prav\u00e9 + \u013eav\u00e9) pos\u00favne dvere, 2 miestn\u00e1 verzia, Kompatibilita : Dacia Dokker, Renault Express Van Parametre podlahy: 1 dielna spojen\u00e1, d\u013e\u017eka 1810mm, \u0161\u00edrka 1157mm Samomont\u00e1\u017e: podlaha dr\u017e\u00ed pomocou kotviac\u00edch ok v aute a misiek, ktore&#8230;<\/p>\n","protected":false},"featured_media":1222,"template":"","meta":{"_kad_post_transparent":"default","_kad_post_title":"","_kad_post_layout":"default","_kad_post_sidebar_id":"","_kad_post_content_style":"default","_kad_post_vertical_padding":"default","_kad_post_feature":"","_kad_post_feature_position":"","_kad_post_header":false,"_kad_post_footer":false},"product_cat":[30,29],"product_tag":[26],"class_list":{"0":"post-1219","1":"product","2":"type-product","3":"status-publish","4":"has-post-thumbnail","6":"product_cat-express-van-od-2021-renault","7":"product_cat-renault","8":"product_tag-renault","10":"first","11":"instock","12":"shipping-taxable","13":"purchasable","14":"product-type-simple","15":"entry","16":"content-bg","17":"loop-entry"},"_links":{"self":[{"href":"https:\/\/test8.cart.sk\/index.php?rest_route=\/wp\/v2\/product\/1219","targetHints":{"allow":["GET"]}}],"collection":[{"href":"https:\/\/test8.cart.sk\/index.php?rest_route=\/wp\/v2\/product"}],"about":[{"href":"https:\/\/test8.cart.sk\/index.php?rest_route=\/wp\/v2\/types\/product"}],"wp:featuredmedia":[{"embeddable":true,"href":"https:\/\/test8.cart.sk\/index.php?rest_route=\/wp\/v2\/media\/1222"}],"wp:attachment":[{"href":"https:\/\/test8.cart.sk\/index.php?rest_route=%2Fwp%2Fv2%2Fmedia&parent=1219"}],"wp:term":[{"taxonomy":"product_cat","embeddable":true,"href":"https:\/\/test8.cart.sk\/index.php?rest_route=%2Fwp%2Fv2%2Fproduct_cat&post=1219"},{"taxonomy":"product_tag","embeddable":true,"href":"https:\/\/test8.cart.sk\/index.php?rest_route=%2Fwp%2Fv2%2Fproduct_tag&post=1219"}],"curies":[{"name":"wp","href":"https:\/\/api.w.org\/{rel}","templated":true}]}}